{"id":7788,"date":"2020-05-06T08:34:14","date_gmt":"2020-05-06T05:34:14","guid":{"rendered":"https:\/\/www.unboxing-project.eu\/?page_id=7788"},"modified":"2025-04-11T15:35:42","modified_gmt":"2025-04-11T12:35:42","slug":"yhteystiedot","status":"publish","type":"page","link":"https:\/\/www.unboxing-project.eu\/fi\/yhteystiedot\/","title":{"rendered":"Yhteystiedot"},"content":{"rendered":"\t\t<div data-elementor-type=\"wp-page\" data-elementor-id=\"7788\" class=\"elementor elementor-7788 elementor-246\">\n\t\t\t\t\t\t<section class=\"elementor-section elementor-top-section elementor-element elementor-element-0df2201 elementor-section-full_width elementor-section-height-default elementor-section-height-default\" data-id=\"0df2201\" data-element_type=\"section\" data-settings=\"{&quot;background_background&quot;:&quot;classic&quot;}\">\n\t\t\t\t\t\t<div class=\"elementor-container elementor-column-gap-no\">\n\t\t\t\t\t<div class=\"elementor-column elementor-col-100 elementor-top-column elementor-element elementor-element-edf2919\" data-id=\"edf2919\" data-element_type=\"column\">\n\t\t\t<div class=\"elementor-widget-wrap elementor-element-populated\">\n\t\t\t\t\t\t<div class=\"elementor-element elementor-element-ed08c84 elementor-widget elementor-widget-eCademy_College_P_Banner\" data-id=\"ed08c84\" data-element_type=\"widget\" data-widget_type=\"eCademy_College_P_Banner.default\">\n\t\t\t\t<div class=\"elementor-widget-container\">\n\t\t\t\t\t         <div class=\"cw-page-title-area position-relative\">\n            <div class=\"container\">\n                <div class=\"cw-title-content\">\n                    <h2 class=\"playfair-display-font el-title\">\n                        Yhteystiedot                    <\/h2>\n                    \n                                    <\/div>\n            <\/div>\n\n\n            \n            \n                            <div class=\"cw-shape_3\">\n                    <img decoding=\"async\" src=\"http:\/\/www.unboxing-project.eu\/wp-content\/uploads\/2025\/02\/shape7-green.png\" alt=\"\">\n                <\/div>\n            \n                    <\/div>\n        \t\t\t\t<\/div>\n\t\t\t\t<\/div>\n\t\t\t\t\t<\/div>\n\t\t<\/div>\n\t\t\t\t\t<\/div>\n\t\t<\/section>\n\t\t\t\t<section class=\"elementor-section elementor-top-section elementor-element elementor-element-3cfc6dc elementor-section-full_width elementor-section-height-default elementor-section-height-default\" data-id=\"3cfc6dc\" data-element_type=\"section\">\n\t\t\t\t\t\t<div class=\"elementor-container elementor-column-gap-no\">\n\t\t\t\t\t<div class=\"elementor-column elementor-col-100 elementor-top-column elementor-element elementor-element-ad922e7\" data-id=\"ad922e7\" data-element_type=\"column\">\n\t\t\t<div class=\"elementor-widget-wrap elementor-element-populated\">\n\t\t\t\t\t\t<div class=\"elementor-element elementor-element-0082aec elementor-widget elementor-widget-Contact_Area\" data-id=\"0082aec\" data-element_type=\"widget\" data-widget_type=\"Contact_Area.default\">\n\t\t\t\t<div class=\"elementor-widget-container\">\n\t\t\t\t\t        <div class=\"contact-area ptb-100\">\r\n            <div class=\"container\">\r\n                <div class=\"row\">\r\n                    <div class=\"col-lg-6 col-md-12\">\r\n                        <div class=\"contact-info\">\r\n                            <span class=\"sub-title\">Unboxing-projekti<\/span>\r\n                            <h2 >Ota yhteytt\u00e4<\/h2>\r\n                            <p ><\/p>\r\n\r\n                            <ul>\r\n                                                                    <li>\r\n                                        <div class=\"icon\">\r\n                                            <i class=\"bx bx-map\"><\/i>\r\n                                        <\/div>\r\n                                        <h3>Osoite<\/h3>\r\n                                        <p>Gdansk University of Technology<br \/><br \/>Faculty of Mechanical Engineering and Ship Technology<br \/><br \/>Institute of Mechanics and Machine Design<br \/><br \/>Department of Applied Mechanics and Biomechanics<\/p>                                    <\/li>\r\n                                                                    <li>\r\n                                        <div class=\"icon\">\r\n                                            <i class=\"flaticon-calendar\"><\/i>\r\n                                        <\/div>\r\n                                        <h3>S\u00e4hk\u00f6posti<\/h3>\r\n                                        <p>Mail: <a href=\"mailto:unboxing@camaravalencia.com\">unboxing@camaravalencia.com<\/a><\/p>                                    <\/li>\r\n                                                                    <li>\r\n                                        <div class=\"icon\">\r\n                                            <i class=\"bx bx-phone-call\"><\/i>\r\n                                        <\/div>\r\n                                        <h3>Ota yhteytt\u00e4<\/h3>\r\n                                        <p>tel: <a href=\"tel:+48 583486422\">+48 583486422<\/a><\/p>\n\n                                    <\/li>\r\n                                                            <\/ul>\r\n                        <\/div>\r\n                    <\/div>\r\n\r\n                    <div class=\"col-lg-6 col-md-12\">\r\n                        <div class=\"contact-form\" style=\"background-image:url();\">\r\n                            <h2 >Yhteydenottolomake<\/h2>\r\n\r\n                            <p >S\u00e4hk\u00f6postiosoitettasi ei julkaista. Pakolliset kent\u00e4t on merkitty *\n<\/p>\r\n\r\n                            \n<div class=\"wpcf7 no-js\" id=\"wpcf7-f7934-o1\" lang=\"en-US\" dir=\"ltr\" data-wpcf7-id=\"7934\">\n<div class=\"screen-reader-response\"><p role=\"status\" aria-live=\"polite\" aria-atomic=\"true\"><\/p> <ul><\/ul><\/div>\n<form action=\"\/fi\/wp-json\/wp\/v2\/pages\/7788#wpcf7-f7934-o1\" method=\"post\" class=\"wpcf7-form init\" aria-label=\"Contact form\" novalidate=\"novalidate\" data-status=\"init\">\n<fieldset class=\"hidden-fields-container\"><input type=\"hidden\" name=\"_wpcf7\" value=\"7934\" \/><input type=\"hidden\" name=\"_wpcf7_version\" value=\"6.1.3\" \/><input type=\"hidden\" name=\"_wpcf7_locale\" value=\"en_US\" \/><input type=\"hidden\" name=\"_wpcf7_unit_tag\" value=\"wpcf7-f7934-o1\" \/><input type=\"hidden\" name=\"_wpcf7_container_post\" value=\"0\" \/><input type=\"hidden\" name=\"_wpcf7_posted_data_hash\" value=\"\" \/><input type=\"hidden\" name=\"_wpcf7_recaptcha_response\" value=\"\" \/>\n<\/fieldset>\n<div class=\"row\">\n    <div class=\"col-lg-12 col-md-6\">\n        <div class=\"form-group\">\n            <span class=\"wpcf7-form-control-wrap\" data-name=\"your-name\"><input size=\"40\" maxlength=\"400\" class=\"wpcf7-form-control wpcf7-text wpcf7-validates-as-required form-control\" aria-required=\"true\" aria-invalid=\"false\" placeholder=\"Nimi*\" value=\"\" type=\"text\" name=\"your-name\" \/><\/span>\n        <\/div>\n    <\/div>\n\n    <div class=\"col-lg-12 col-md-6\">\n        <div class=\"form-group\">\n            <span class=\"wpcf7-form-control-wrap\" data-name=\"your-email\"><input size=\"40\" maxlength=\"400\" class=\"wpcf7-form-control wpcf7-email wpcf7-validates-as-required wpcf7-text wpcf7-validates-as-email form-control\" aria-required=\"true\" aria-invalid=\"false\" placeholder=\"S\u00e4hk\u00f6postiosoite*\" value=\"\" type=\"email\" name=\"your-email\" \/><\/span>\n        <\/div>\n    <\/div>\n\n    <div class=\"col-lg-12 col-md-12\">\n        <div class=\"form-group\">\n            <span class=\"wpcf7-form-control-wrap\" data-name=\"your-subject\"><input size=\"40\" maxlength=\"400\" class=\"wpcf7-form-control wpcf7-text wpcf7-validates-as-required form-control\" aria-required=\"true\" aria-invalid=\"false\" placeholder=\"Aihe\" value=\"\" type=\"text\" name=\"your-subject\" \/><\/span>\n        <\/div>\n    <\/div>\n\n    <div class=\"col-lg-12 col-md-12\">\n        <div class=\"form-group\">\n            <span class=\"wpcf7-form-control-wrap\" data-name=\"your-message\"><textarea cols=\"40\" rows=\"5\" maxlength=\"2000\" class=\"wpcf7-form-control wpcf7-textarea form-control\" aria-invalid=\"false\" placeholder=\"Kirjoita viesti...\" name=\"your-message\"><\/textarea><\/span>\n        <\/div>\n    <\/div>\n    \n    <div class=\"col-lg-12 col-md-12\">\n        <span class=\"wpcf7-form-control-wrap\" data-name=\"gdpr\"><span class=\"wpcf7-form-control wpcf7-acceptance\"><span class=\"wpcf7-list-item\"><label><input type=\"checkbox\" name=\"gdpr\" value=\"1\" class=\"gdpr-term\" aria-invalid=\"false\" \/><span class=\"wpcf7-list-item-label\">Hyv\u00e4ksyn, ett\u00e4 l\u00e4hett\u00e4m\u00e4ni tiedot ker\u00e4t\u00e4\u00e4n ja tallennetaan.<\/span><\/label><\/span><\/span><\/span>\n    <\/div>\n\n    <div class=\"col-lg-12 col-md-12\">\n        <button type=\"submit\" class=\"default-btn\">L\u00e4het\u00e4 viesti<span><\/span><\/button>\n    <\/div>\n<\/div><div class=\"wpcf7-response-output\" aria-hidden=\"true\"><\/div>\n<\/form>\n<\/div>\n                        <\/div>\r\n                    <\/div>\r\n                <\/div>\r\n            <\/div>\r\n        <\/div>\r\n        \t\t\t\t<\/div>\n\t\t\t\t<\/div>\n\t\t\t\t\t<\/div>\n\t\t<\/div>\n\t\t\t\t\t<\/div>\n\t\t<\/section>\n\t\t\t\t<\/div>\n\t\t","protected":false},"excerpt":{"rendered":"<p>Yhteystiedot Unboxing-projekti Ota yhteytt\u00e4 Osoite Gdansk University of Technology Faculty of Mechanical Engineering and Ship Technology Institute of Mechanics and Machine Design Department of Applied Mechanics and Biomechanics S\u00e4hk\u00f6posti Mail: unboxing@camaravalencia.com Ota yhteytt\u00e4 tel: +48 583486422 Yhteydenottolomake S\u00e4hk\u00f6postiosoitettasi ei julkaista. Pakolliset kent\u00e4t on merkitty * Hyv\u00e4ksyn, ett\u00e4 l\u00e4hett\u00e4m\u00e4ni tiedot ker\u00e4t\u00e4\u00e4n ja tallennetaan. L\u00e4het\u00e4 viesti<\/p>\n","protected":false},"author":2,"featured_media":0,"parent":0,"menu_order":0,"comment_status":"closed","ping_status":"closed","template":"","meta":{"_acf_changed":false,"footnotes":""},"class_list":["post-7788","page","type-page","status-publish","hentry"],"acf":[],"yoast_head":"<!-- This site is optimized with the Yoast SEO plugin v27.4 - https:\/\/yoast.com\/product\/yoast-seo-wordpress\/ -->\n<title>Yhteystiedot - UNBOXING PROJECT<\/title>\n<meta name=\"robots\" content=\"index, follow, max-snippet:-1, max-image-preview:large, max-video-preview:-1\" \/>\n<link rel=\"canonical\" href=\"https:\/\/www.unboxing-project.eu\/fi\/yhteystiedot\/\" \/>\n<meta property=\"og:locale\" content=\"fi_FI\" \/>\n<meta property=\"og:type\" content=\"article\" \/>\n<meta property=\"og:title\" content=\"Yhteystiedot - UNBOXING PROJECT\" \/>\n<meta property=\"og:description\" content=\"Yhteystiedot Unboxing-projekti Ota yhteytt\u00e4 Osoite Gdansk University of Technology Faculty of Mechanical Engineering and Ship Technology Institute of Mechanics and Machine Design Department of Applied Mechanics and Biomechanics S\u00e4hk\u00f6posti Mail: unboxing@camaravalencia.com Ota yhteytt\u00e4 tel: +48 583486422 Yhteydenottolomake S\u00e4hk\u00f6postiosoitettasi ei julkaista. Pakolliset kent\u00e4t on merkitty * Hyv\u00e4ksyn, ett\u00e4 l\u00e4hett\u00e4m\u00e4ni tiedot ker\u00e4t\u00e4\u00e4n ja tallennetaan. L\u00e4het\u00e4 viesti\" \/>\n<meta property=\"og:url\" content=\"https:\/\/www.unboxing-project.eu\/fi\/yhteystiedot\/\" \/>\n<meta property=\"og:site_name\" content=\"UNBOXING PROJECT\" \/>\n<meta property=\"article:publisher\" content=\"https:\/\/www.facebook.com\/UNBOXING.EUproject\/\" \/>\n<meta property=\"article:modified_time\" content=\"2025-04-11T12:35:42+00:00\" \/>\n<meta property=\"og:image\" content=\"http:\/\/www.unboxing-project.eu\/wp-content\/uploads\/2025\/02\/shape7-green.png\" \/>\n<meta name=\"twitter:card\" content=\"summary_large_image\" \/>\n<meta name=\"twitter:label1\" content=\"Arvioitu lukuaika\" \/>\n\t<meta name=\"twitter:data1\" content=\"1 minuutti\" \/>\n<script type=\"application\/ld+json\" class=\"yoast-schema-graph\">{\"@context\":\"https:\\\/\\\/schema.org\",\"@graph\":[{\"@type\":\"WebPage\",\"@id\":\"https:\\\/\\\/www.unboxing-project.eu\\\/fi\\\/yhteystiedot\\\/\",\"url\":\"https:\\\/\\\/www.unboxing-project.eu\\\/fi\\\/yhteystiedot\\\/\",\"name\":\"Yhteystiedot - UNBOXING PROJECT\",\"isPartOf\":{\"@id\":\"https:\\\/\\\/www.unboxing-project.eu\\\/#website\"},\"primaryImageOfPage\":{\"@id\":\"https:\\\/\\\/www.unboxing-project.eu\\\/fi\\\/yhteystiedot\\\/#primaryimage\"},\"image\":{\"@id\":\"https:\\\/\\\/www.unboxing-project.eu\\\/fi\\\/yhteystiedot\\\/#primaryimage\"},\"thumbnailUrl\":\"http:\\\/\\\/www.unboxing-project.eu\\\/wp-content\\\/uploads\\\/2025\\\/02\\\/shape7-green.png\",\"datePublished\":\"2020-05-06T05:34:14+00:00\",\"dateModified\":\"2025-04-11T12:35:42+00:00\",\"breadcrumb\":{\"@id\":\"https:\\\/\\\/www.unboxing-project.eu\\\/fi\\\/yhteystiedot\\\/#breadcrumb\"},\"inLanguage\":\"fi\",\"potentialAction\":[{\"@type\":\"ReadAction\",\"target\":[\"https:\\\/\\\/www.unboxing-project.eu\\\/fi\\\/yhteystiedot\\\/\"]}]},{\"@type\":\"ImageObject\",\"inLanguage\":\"fi\",\"@id\":\"https:\\\/\\\/www.unboxing-project.eu\\\/fi\\\/yhteystiedot\\\/#primaryimage\",\"url\":\"http:\\\/\\\/www.unboxing-project.eu\\\/wp-content\\\/uploads\\\/2025\\\/02\\\/shape7-green.png\",\"contentUrl\":\"http:\\\/\\\/www.unboxing-project.eu\\\/wp-content\\\/uploads\\\/2025\\\/02\\\/shape7-green.png\"},{\"@type\":\"BreadcrumbList\",\"@id\":\"https:\\\/\\\/www.unboxing-project.eu\\\/fi\\\/yhteystiedot\\\/#breadcrumb\",\"itemListElement\":[{\"@type\":\"ListItem\",\"position\":1,\"name\":\"Home\",\"item\":\"https:\\\/\\\/www.unboxing-project.eu\\\/fi\\\/etusivu\\\/\"},{\"@type\":\"ListItem\",\"position\":2,\"name\":\"Yhteystiedot\"}]},{\"@type\":\"WebSite\",\"@id\":\"https:\\\/\\\/www.unboxing-project.eu\\\/#website\",\"url\":\"https:\\\/\\\/www.unboxing-project.eu\\\/\",\"name\":\"UNBOXING PROJECT\",\"description\":\"Sustainable Packaging Practices\",\"publisher\":{\"@id\":\"https:\\\/\\\/www.unboxing-project.eu\\\/#organization\"},\"potentialAction\":[{\"@type\":\"SearchAction\",\"target\":{\"@type\":\"EntryPoint\",\"urlTemplate\":\"https:\\\/\\\/www.unboxing-project.eu\\\/?s={search_term_string}\"},\"query-input\":{\"@type\":\"PropertyValueSpecification\",\"valueRequired\":true,\"valueName\":\"search_term_string\"}}],\"inLanguage\":\"fi\"},{\"@type\":\"Organization\",\"@id\":\"https:\\\/\\\/www.unboxing-project.eu\\\/#organization\",\"name\":\"UNBOXING PROJECT\",\"url\":\"https:\\\/\\\/www.unboxing-project.eu\\\/\",\"logo\":{\"@type\":\"ImageObject\",\"inLanguage\":\"fi\",\"@id\":\"https:\\\/\\\/www.unboxing-project.eu\\\/#\\\/schema\\\/logo\\\/image\\\/\",\"url\":\"https:\\\/\\\/www.unboxing-project.eu\\\/wp-content\\\/uploads\\\/2025\\\/01\\\/UNBOXING_logo.png\",\"contentUrl\":\"https:\\\/\\\/www.unboxing-project.eu\\\/wp-content\\\/uploads\\\/2025\\\/01\\\/UNBOXING_logo.png\",\"width\":310,\"height\":292,\"caption\":\"UNBOXING PROJECT\"},\"image\":{\"@id\":\"https:\\\/\\\/www.unboxing-project.eu\\\/#\\\/schema\\\/logo\\\/image\\\/\"},\"sameAs\":[\"https:\\\/\\\/www.facebook.com\\\/UNBOXING.EUproject\\\/\",\"https:\\\/\\\/www.linkedin.com\\\/company\\\/unboxing-project\\\/\",\"https:\\\/\\\/www.instagram.com\\\/unboxing_euproject\\\/\"]}]}<\/script>\n<!-- \/ Yoast SEO plugin. -->","yoast_head_json":{"title":"Yhteystiedot - UNBOXING PROJECT","robots":{"index":"index","follow":"follow","max-snippet":"max-snippet:-1","max-image-preview":"max-image-preview:large","max-video-preview":"max-video-preview:-1"},"canonical":"https:\/\/www.unboxing-project.eu\/fi\/yhteystiedot\/","og_locale":"fi_FI","og_type":"article","og_title":"Yhteystiedot - UNBOXING PROJECT","og_description":"Yhteystiedot Unboxing-projekti Ota yhteytt\u00e4 Osoite Gdansk University of Technology Faculty of Mechanical Engineering and Ship Technology Institute of Mechanics and Machine Design Department of Applied Mechanics and Biomechanics S\u00e4hk\u00f6posti Mail: unboxing@camaravalencia.com Ota yhteytt\u00e4 tel: +48 583486422 Yhteydenottolomake S\u00e4hk\u00f6postiosoitettasi ei julkaista. Pakolliset kent\u00e4t on merkitty * Hyv\u00e4ksyn, ett\u00e4 l\u00e4hett\u00e4m\u00e4ni tiedot ker\u00e4t\u00e4\u00e4n ja tallennetaan. L\u00e4het\u00e4 viesti","og_url":"https:\/\/www.unboxing-project.eu\/fi\/yhteystiedot\/","og_site_name":"UNBOXING PROJECT","article_publisher":"https:\/\/www.facebook.com\/UNBOXING.EUproject\/","article_modified_time":"2025-04-11T12:35:42+00:00","og_image":[{"url":"http:\/\/www.unboxing-project.eu\/wp-content\/uploads\/2025\/02\/shape7-green.png","type":"","width":"","height":""}],"twitter_card":"summary_large_image","twitter_misc":{"Arvioitu lukuaika":"1 minuutti"},"schema":{"@context":"https:\/\/schema.org","@graph":[{"@type":"WebPage","@id":"https:\/\/www.unboxing-project.eu\/fi\/yhteystiedot\/","url":"https:\/\/www.unboxing-project.eu\/fi\/yhteystiedot\/","name":"Yhteystiedot - UNBOXING PROJECT","isPartOf":{"@id":"https:\/\/www.unboxing-project.eu\/#website"},"primaryImageOfPage":{"@id":"https:\/\/www.unboxing-project.eu\/fi\/yhteystiedot\/#primaryimage"},"image":{"@id":"https:\/\/www.unboxing-project.eu\/fi\/yhteystiedot\/#primaryimage"},"thumbnailUrl":"http:\/\/www.unboxing-project.eu\/wp-content\/uploads\/2025\/02\/shape7-green.png","datePublished":"2020-05-06T05:34:14+00:00","dateModified":"2025-04-11T12:35:42+00:00","breadcrumb":{"@id":"https:\/\/www.unboxing-project.eu\/fi\/yhteystiedot\/#breadcrumb"},"inLanguage":"fi","potentialAction":[{"@type":"ReadAction","target":["https:\/\/www.unboxing-project.eu\/fi\/yhteystiedot\/"]}]},{"@type":"ImageObject","inLanguage":"fi","@id":"https:\/\/www.unboxing-project.eu\/fi\/yhteystiedot\/#primaryimage","url":"http:\/\/www.unboxing-project.eu\/wp-content\/uploads\/2025\/02\/shape7-green.png","contentUrl":"http:\/\/www.unboxing-project.eu\/wp-content\/uploads\/2025\/02\/shape7-green.png"},{"@type":"BreadcrumbList","@id":"https:\/\/www.unboxing-project.eu\/fi\/yhteystiedot\/#breadcrumb","itemListElement":[{"@type":"ListItem","position":1,"name":"Home","item":"https:\/\/www.unboxing-project.eu\/fi\/etusivu\/"},{"@type":"ListItem","position":2,"name":"Yhteystiedot"}]},{"@type":"WebSite","@id":"https:\/\/www.unboxing-project.eu\/#website","url":"https:\/\/www.unboxing-project.eu\/","name":"UNBOXING PROJECT","description":"Sustainable Packaging Practices","publisher":{"@id":"https:\/\/www.unboxing-project.eu\/#organization"},"potentialAction":[{"@type":"SearchAction","target":{"@type":"EntryPoint","urlTemplate":"https:\/\/www.unboxing-project.eu\/?s={search_term_string}"},"query-input":{"@type":"PropertyValueSpecification","valueRequired":true,"valueName":"search_term_string"}}],"inLanguage":"fi"},{"@type":"Organization","@id":"https:\/\/www.unboxing-project.eu\/#organization","name":"UNBOXING PROJECT","url":"https:\/\/www.unboxing-project.eu\/","logo":{"@type":"ImageObject","inLanguage":"fi","@id":"https:\/\/www.unboxing-project.eu\/#\/schema\/logo\/image\/","url":"https:\/\/www.unboxing-project.eu\/wp-content\/uploads\/2025\/01\/UNBOXING_logo.png","contentUrl":"https:\/\/www.unboxing-project.eu\/wp-content\/uploads\/2025\/01\/UNBOXING_logo.png","width":310,"height":292,"caption":"UNBOXING PROJECT"},"image":{"@id":"https:\/\/www.unboxing-project.eu\/#\/schema\/logo\/image\/"},"sameAs":["https:\/\/www.facebook.com\/UNBOXING.EUproject\/","https:\/\/www.linkedin.com\/company\/unboxing-project\/","https:\/\/www.instagram.com\/unboxing_euproject\/"]}]}},"_links":{"self":[{"href":"https:\/\/www.unboxing-project.eu\/fi\/wp-json\/wp\/v2\/pages\/7788","targetHints":{"allow":["GET"]}}],"collection":[{"href":"https:\/\/www.unboxing-project.eu\/fi\/wp-json\/wp\/v2\/pages"}],"about":[{"href":"https:\/\/www.unboxing-project.eu\/fi\/wp-json\/wp\/v2\/types\/page"}],"author":[{"embeddable":true,"href":"https:\/\/www.unboxing-project.eu\/fi\/wp-json\/wp\/v2\/users\/2"}],"replies":[{"embeddable":true,"href":"https:\/\/www.unboxing-project.eu\/fi\/wp-json\/wp\/v2\/comments?post=7788"}],"version-history":[{"count":8,"href":"https:\/\/www.unboxing-project.eu\/fi\/wp-json\/wp\/v2\/pages\/7788\/revisions"}],"predecessor-version":[{"id":7937,"href":"https:\/\/www.unboxing-project.eu\/fi\/wp-json\/wp\/v2\/pages\/7788\/revisions\/7937"}],"wp:attachment":[{"href":"https:\/\/www.unboxing-project.eu\/fi\/wp-json\/wp\/v2\/media?parent=7788"}],"curies":[{"name":"wp","href":"https:\/\/api.w.org\/{rel}","templated":true}]}}