{"id":7786,"date":"2020-05-06T08:34:14","date_gmt":"2020-05-06T05:34:14","guid":{"rendered":"https:\/\/www.unboxing-project.eu\/?page_id=7786"},"modified":"2025-04-10T15:06:49","modified_gmt":"2025-04-10T12:06:49","slug":"contacto","status":"publish","type":"page","link":"https:\/\/www.unboxing-project.eu\/es\/contacto\/","title":{"rendered":"Contacto"},"content":{"rendered":"\t\t<div data-elementor-type=\"wp-page\" data-elementor-id=\"7786\" class=\"elementor elementor-7786 elementor-246\">\n\t\t\t\t\t\t<section class=\"elementor-section elementor-top-section elementor-element elementor-element-0df2201 elementor-section-full_width elementor-section-height-default elementor-section-height-default\" data-id=\"0df2201\" data-element_type=\"section\" data-settings=\"{&quot;background_background&quot;:&quot;classic&quot;}\">\n\t\t\t\t\t\t<div class=\"elementor-container elementor-column-gap-no\">\n\t\t\t\t\t<div class=\"elementor-column elementor-col-100 elementor-top-column elementor-element elementor-element-edf2919\" data-id=\"edf2919\" data-element_type=\"column\">\n\t\t\t<div class=\"elementor-widget-wrap elementor-element-populated\">\n\t\t\t\t\t\t<div class=\"elementor-element elementor-element-ed08c84 elementor-widget elementor-widget-eCademy_College_P_Banner\" data-id=\"ed08c84\" data-element_type=\"widget\" data-widget_type=\"eCademy_College_P_Banner.default\">\n\t\t\t\t<div class=\"elementor-widget-container\">\n\t\t\t\t\t         <div class=\"cw-page-title-area position-relative\">\n            <div class=\"container\">\n                <div class=\"cw-title-content\">\n                    <h2 class=\"playfair-display-font el-title\">\n                        Detalles de contacto                    <\/h2>\n                    \n                                    <\/div>\n            <\/div>\n\n\n            \n            \n                            <div class=\"cw-shape_3\">\n                    <img decoding=\"async\" src=\"http:\/\/www.unboxing-project.eu\/wp-content\/uploads\/2025\/02\/shape7-green.png\" alt=\"\">\n                <\/div>\n            \n                    <\/div>\n        \t\t\t\t<\/div>\n\t\t\t\t<\/div>\n\t\t\t\t\t<\/div>\n\t\t<\/div>\n\t\t\t\t\t<\/div>\n\t\t<\/section>\n\t\t\t\t<section class=\"elementor-section elementor-top-section elementor-element elementor-element-3cfc6dc elementor-section-full_width elementor-section-height-default elementor-section-height-default\" data-id=\"3cfc6dc\" data-element_type=\"section\">\n\t\t\t\t\t\t<div class=\"elementor-container elementor-column-gap-no\">\n\t\t\t\t\t<div class=\"elementor-column elementor-col-100 elementor-top-column elementor-element elementor-element-ad922e7\" data-id=\"ad922e7\" data-element_type=\"column\">\n\t\t\t<div class=\"elementor-widget-wrap elementor-element-populated\">\n\t\t\t\t\t\t<div class=\"elementor-element elementor-element-0082aec elementor-widget elementor-widget-Contact_Area\" data-id=\"0082aec\" data-element_type=\"widget\" data-widget_type=\"Contact_Area.default\">\n\t\t\t\t<div class=\"elementor-widget-container\">\n\t\t\t\t\t        <div class=\"contact-area ptb-100\">\r\n            <div class=\"container\">\r\n                <div class=\"row\">\r\n                    <div class=\"col-lg-6 col-md-12\">\r\n                        <div class=\"contact-info\">\r\n                            <span class=\"sub-title\">Proyecto Unboxing<\/span>\r\n                            <h2 >Contacte con nosotros<\/h2>\r\n                            <p ><\/p>\r\n\r\n                            <ul>\r\n                                                                    <li>\r\n                                        <div class=\"icon\">\r\n                                            <i class=\"bx bx-map\"><\/i>\r\n                                        <\/div>\r\n                                        <h3>Nuestra direcci\u00f3n<\/h3>\r\n                                        <p>Universidad Tecnol\u00f3gica de Gdansk\n<br \/><br \/>Facultad de Ingenier\u00eda Mec\u00e1nica y Tecnolog\u00eda Naval\n<br \/><br \/>Instituto de Mec\u00e1nica y Dise\u00f1o de M\u00e1quinas\n<br \/><br \/>Departamento de Mec\u00e1nica Aplicada y Biomec\u00e1nica\n<\/p>                                    <\/li>\r\n                                                                    <li>\r\n                                        <div class=\"icon\">\r\n                                            <i class=\"flaticon-calendar\"><\/i>\r\n                                        <\/div>\r\n                                        <h3>Correo electr\u00f3nico<\/h3>\r\n                                        <p>Mail: <a href=\"mailto:unboxing@camaravalencia.com\">unboxing@camaravalencia.com<\/a><\/p>                                    <\/li>\r\n                                                                    <li>\r\n                                        <div class=\"icon\">\r\n                                            <i class=\"bx bx-phone-call\"><\/i>\r\n                                        <\/div>\r\n                                        <h3>Contacto<\/h3>\r\n                                        <p>tel: <a href=\"tel:+48 583486422\">+48 583486422<\/a><\/p>\n\n                                    <\/li>\r\n                                                            <\/ul>\r\n                        <\/div>\r\n                    <\/div>\r\n\r\n                    <div class=\"col-lg-6 col-md-12\">\r\n                        <div class=\"contact-form\" style=\"background-image:url();\">\r\n                            <h2 >Formulario de contacto<\/h2>\r\n\r\n                            <p >Su direcci\u00f3n de correo electr\u00f3nico no se publicar\u00e1. Los campos obligatorios est\u00e1n marcados con *.\n<\/p>\r\n\r\n                            \n<div class=\"wpcf7 no-js\" id=\"wpcf7-f7843-o1\" lang=\"en-US\" dir=\"ltr\" data-wpcf7-id=\"7843\">\n<div class=\"screen-reader-response\"><p role=\"status\" aria-live=\"polite\" aria-atomic=\"true\"><\/p> <ul><\/ul><\/div>\n<form action=\"\/es\/wp-json\/wp\/v2\/pages\/7786#wpcf7-f7843-o1\" method=\"post\" class=\"wpcf7-form init\" aria-label=\"Contact form\" novalidate=\"novalidate\" data-status=\"init\">\n<fieldset class=\"hidden-fields-container\"><input type=\"hidden\" name=\"_wpcf7\" value=\"7843\" \/><input type=\"hidden\" name=\"_wpcf7_version\" value=\"6.1.3\" \/><input type=\"hidden\" name=\"_wpcf7_locale\" value=\"en_US\" \/><input type=\"hidden\" name=\"_wpcf7_unit_tag\" value=\"wpcf7-f7843-o1\" \/><input type=\"hidden\" name=\"_wpcf7_container_post\" value=\"0\" \/><input type=\"hidden\" name=\"_wpcf7_posted_data_hash\" value=\"\" \/><input type=\"hidden\" name=\"_wpcf7_recaptcha_response\" value=\"\" \/>\n<\/fieldset>\n<div class=\"row\">\n    <div class=\"col-lg-12 col-md-6\">\n        <div class=\"form-group\">\n            <span class=\"wpcf7-form-control-wrap\" data-name=\"your-name\"><input size=\"40\" maxlength=\"400\" class=\"wpcf7-form-control wpcf7-text wpcf7-validates-as-required form-control\" aria-required=\"true\" aria-invalid=\"false\" placeholder=\"Nombre y apellidos*\" value=\"\" type=\"text\" name=\"your-name\" \/><\/span>\n        <\/div>\n    <\/div>\n\n    <div class=\"col-lg-12 col-md-6\">\n        <div class=\"form-group\">\n            <span class=\"wpcf7-form-control-wrap\" data-name=\"your-email\"><input size=\"40\" maxlength=\"400\" class=\"wpcf7-form-control wpcf7-email wpcf7-validates-as-required wpcf7-text wpcf7-validates-as-email form-control\" aria-required=\"true\" aria-invalid=\"false\" placeholder=\"Su correo electr\u00f3nico *\" value=\"\" type=\"email\" name=\"your-email\" \/><\/span>\n        <\/div>\n    <\/div>\n\n    <div class=\"col-lg-12 col-md-12\">\n        <div class=\"form-group\">\n            <span class=\"wpcf7-form-control-wrap\" data-name=\"your-subject\"><input size=\"40\" maxlength=\"400\" class=\"wpcf7-form-control wpcf7-text wpcf7-validates-as-required form-control\" aria-required=\"true\" aria-invalid=\"false\" placeholder=\"Asunto\" value=\"\" type=\"text\" name=\"your-subject\" \/><\/span>\n        <\/div>\n    <\/div>\n\n    <div class=\"col-lg-12 col-md-12\">\n        <div class=\"form-group\">\n            <span class=\"wpcf7-form-control-wrap\" data-name=\"your-message\"><textarea cols=\"40\" rows=\"5\" maxlength=\"2000\" class=\"wpcf7-form-control wpcf7-textarea form-control\" aria-invalid=\"false\" placeholder=\"Escriba su mensaje...\" name=\"your-message\"><\/textarea><\/span>\n        <\/div>\n    <\/div>\n    \n    <div class=\"col-lg-12 col-md-12\">\n        <span class=\"wpcf7-form-control-wrap\" data-name=\"gdpr\"><span class=\"wpcf7-form-control wpcf7-acceptance\"><span class=\"wpcf7-list-item\"><label><input type=\"checkbox\" name=\"gdpr\" value=\"1\" class=\"gdpr-term\" aria-invalid=\"false\" \/><span class=\"wpcf7-list-item-label\">Acepto que se recopilen y almacenen los datos que he enviado.<\/span><\/label><\/span><\/span><\/span>\n    <\/div>\n\n    <div class=\"col-lg-12 col-md-12\">\n        <button type=\"submit\" class=\"default-btn\">Enviar mensaje<span><\/span><\/button>\n    <\/div>\n<\/div><div class=\"wpcf7-response-output\" aria-hidden=\"true\"><\/div>\n<\/form>\n<\/div>\n                        <\/div>\r\n                    <\/div>\r\n                <\/div>\r\n            <\/div>\r\n        <\/div>\r\n        \t\t\t\t<\/div>\n\t\t\t\t<\/div>\n\t\t\t\t\t<\/div>\n\t\t<\/div>\n\t\t\t\t\t<\/div>\n\t\t<\/section>\n\t\t\t\t<\/div>\n\t\t","protected":false},"excerpt":{"rendered":"<p>Detalles de contacto Proyecto Unboxing Contacte con nosotros Nuestra direcci\u00f3n Universidad Tecnol\u00f3gica de Gdansk Facultad de Ingenier\u00eda Mec\u00e1nica y Tecnolog\u00eda Naval Instituto de Mec\u00e1nica y Dise\u00f1o de M\u00e1quinas Departamento de Mec\u00e1nica Aplicada y Biomec\u00e1nica Correo electr\u00f3nico Mail: unboxing@camaravalencia.com Contacto tel: +48 583486422 Formulario de contacto Su direcci\u00f3n de correo electr\u00f3nico no se publicar\u00e1. Los campos <\/p>\n","protected":false},"author":2,"featured_media":0,"parent":0,"menu_order":0,"comment_status":"closed","ping_status":"closed","template":"","meta":{"_acf_changed":false,"footnotes":""},"class_list":["post-7786","page","type-page","status-publish","hentry"],"acf":[],"yoast_head":"<!-- This site is optimized with the Yoast SEO plugin v27.4 - https:\/\/yoast.com\/product\/yoast-seo-wordpress\/ -->\n<title>Contacto - UNBOXING PROJECT<\/title>\n<meta name=\"robots\" content=\"index, follow, max-snippet:-1, max-image-preview:large, max-video-preview:-1\" \/>\n<link rel=\"canonical\" href=\"https:\/\/www.unboxing-project.eu\/es\/contacto\/\" \/>\n<meta property=\"og:locale\" content=\"es_ES\" \/>\n<meta property=\"og:type\" content=\"article\" \/>\n<meta property=\"og:title\" content=\"Contacto - UNBOXING PROJECT\" \/>\n<meta property=\"og:description\" content=\"Detalles de contacto Proyecto Unboxing Contacte con nosotros Nuestra direcci\u00f3n Universidad Tecnol\u00f3gica de Gdansk Facultad de Ingenier\u00eda Mec\u00e1nica y Tecnolog\u00eda Naval Instituto de Mec\u00e1nica y Dise\u00f1o de M\u00e1quinas Departamento de Mec\u00e1nica Aplicada y Biomec\u00e1nica Correo electr\u00f3nico Mail: unboxing@camaravalencia.com Contacto tel: +48 583486422 Formulario de contacto Su direcci\u00f3n de correo electr\u00f3nico no se publicar\u00e1. Los campos\" \/>\n<meta property=\"og:url\" content=\"https:\/\/www.unboxing-project.eu\/es\/contacto\/\" \/>\n<meta property=\"og:site_name\" content=\"UNBOXING PROJECT\" \/>\n<meta property=\"article:publisher\" content=\"https:\/\/www.facebook.com\/UNBOXING.EUproject\/\" \/>\n<meta property=\"article:modified_time\" content=\"2025-04-10T12:06:49+00:00\" \/>\n<meta property=\"og:image\" content=\"http:\/\/www.unboxing-project.eu\/wp-content\/uploads\/2025\/02\/shape7-green.png\" \/>\n<meta name=\"twitter:card\" content=\"summary_large_image\" \/>\n<meta name=\"twitter:label1\" content=\"Tiempo de lectura\" \/>\n\t<meta name=\"twitter:data1\" content=\"1 minuto\" \/>\n<script type=\"application\/ld+json\" class=\"yoast-schema-graph\">{\"@context\":\"https:\\\/\\\/schema.org\",\"@graph\":[{\"@type\":\"WebPage\",\"@id\":\"https:\\\/\\\/www.unboxing-project.eu\\\/es\\\/contacto\\\/\",\"url\":\"https:\\\/\\\/www.unboxing-project.eu\\\/es\\\/contacto\\\/\",\"name\":\"Contacto - UNBOXING PROJECT\",\"isPartOf\":{\"@id\":\"https:\\\/\\\/www.unboxing-project.eu\\\/#website\"},\"primaryImageOfPage\":{\"@id\":\"https:\\\/\\\/www.unboxing-project.eu\\\/es\\\/contacto\\\/#primaryimage\"},\"image\":{\"@id\":\"https:\\\/\\\/www.unboxing-project.eu\\\/es\\\/contacto\\\/#primaryimage\"},\"thumbnailUrl\":\"http:\\\/\\\/www.unboxing-project.eu\\\/wp-content\\\/uploads\\\/2025\\\/02\\\/shape7-green.png\",\"datePublished\":\"2020-05-06T05:34:14+00:00\",\"dateModified\":\"2025-04-10T12:06:49+00:00\",\"breadcrumb\":{\"@id\":\"https:\\\/\\\/www.unboxing-project.eu\\\/es\\\/contacto\\\/#breadcrumb\"},\"inLanguage\":\"es\",\"potentialAction\":[{\"@type\":\"ReadAction\",\"target\":[\"https:\\\/\\\/www.unboxing-project.eu\\\/es\\\/contacto\\\/\"]}]},{\"@type\":\"ImageObject\",\"inLanguage\":\"es\",\"@id\":\"https:\\\/\\\/www.unboxing-project.eu\\\/es\\\/contacto\\\/#primaryimage\",\"url\":\"http:\\\/\\\/www.unboxing-project.eu\\\/wp-content\\\/uploads\\\/2025\\\/02\\\/shape7-green.png\",\"contentUrl\":\"http:\\\/\\\/www.unboxing-project.eu\\\/wp-content\\\/uploads\\\/2025\\\/02\\\/shape7-green.png\"},{\"@type\":\"BreadcrumbList\",\"@id\":\"https:\\\/\\\/www.unboxing-project.eu\\\/es\\\/contacto\\\/#breadcrumb\",\"itemListElement\":[{\"@type\":\"ListItem\",\"position\":1,\"name\":\"Home\",\"item\":\"https:\\\/\\\/www.unboxing-project.eu\\\/\"},{\"@type\":\"ListItem\",\"position\":2,\"name\":\"Contacto\"}]},{\"@type\":\"WebSite\",\"@id\":\"https:\\\/\\\/www.unboxing-project.eu\\\/#website\",\"url\":\"https:\\\/\\\/www.unboxing-project.eu\\\/\",\"name\":\"UNBOXING PROJECT\",\"description\":\"Sustainable Packaging Practices\",\"publisher\":{\"@id\":\"https:\\\/\\\/www.unboxing-project.eu\\\/#organization\"},\"potentialAction\":[{\"@type\":\"SearchAction\",\"target\":{\"@type\":\"EntryPoint\",\"urlTemplate\":\"https:\\\/\\\/www.unboxing-project.eu\\\/?s={search_term_string}\"},\"query-input\":{\"@type\":\"PropertyValueSpecification\",\"valueRequired\":true,\"valueName\":\"search_term_string\"}}],\"inLanguage\":\"es\"},{\"@type\":\"Organization\",\"@id\":\"https:\\\/\\\/www.unboxing-project.eu\\\/#organization\",\"name\":\"UNBOXING PROJECT\",\"url\":\"https:\\\/\\\/www.unboxing-project.eu\\\/\",\"logo\":{\"@type\":\"ImageObject\",\"inLanguage\":\"es\",\"@id\":\"https:\\\/\\\/www.unboxing-project.eu\\\/#\\\/schema\\\/logo\\\/image\\\/\",\"url\":\"https:\\\/\\\/www.unboxing-project.eu\\\/wp-content\\\/uploads\\\/2025\\\/01\\\/UNBOXING_logo.png\",\"contentUrl\":\"https:\\\/\\\/www.unboxing-project.eu\\\/wp-content\\\/uploads\\\/2025\\\/01\\\/UNBOXING_logo.png\",\"width\":310,\"height\":292,\"caption\":\"UNBOXING PROJECT\"},\"image\":{\"@id\":\"https:\\\/\\\/www.unboxing-project.eu\\\/#\\\/schema\\\/logo\\\/image\\\/\"},\"sameAs\":[\"https:\\\/\\\/www.facebook.com\\\/UNBOXING.EUproject\\\/\",\"https:\\\/\\\/www.linkedin.com\\\/company\\\/unboxing-project\\\/\",\"https:\\\/\\\/www.instagram.com\\\/unboxing_euproject\\\/\"]}]}<\/script>\n<!-- \/ Yoast SEO plugin. -->","yoast_head_json":{"title":"Contacto - UNBOXING PROJECT","robots":{"index":"index","follow":"follow","max-snippet":"max-snippet:-1","max-image-preview":"max-image-preview:large","max-video-preview":"max-video-preview:-1"},"canonical":"https:\/\/www.unboxing-project.eu\/es\/contacto\/","og_locale":"es_ES","og_type":"article","og_title":"Contacto - UNBOXING PROJECT","og_description":"Detalles de contacto Proyecto Unboxing Contacte con nosotros Nuestra direcci\u00f3n Universidad Tecnol\u00f3gica de Gdansk Facultad de Ingenier\u00eda Mec\u00e1nica y Tecnolog\u00eda Naval Instituto de Mec\u00e1nica y Dise\u00f1o de M\u00e1quinas Departamento de Mec\u00e1nica Aplicada y Biomec\u00e1nica Correo electr\u00f3nico Mail: unboxing@camaravalencia.com Contacto tel: +48 583486422 Formulario de contacto Su direcci\u00f3n de correo electr\u00f3nico no se publicar\u00e1. Los campos","og_url":"https:\/\/www.unboxing-project.eu\/es\/contacto\/","og_site_name":"UNBOXING PROJECT","article_publisher":"https:\/\/www.facebook.com\/UNBOXING.EUproject\/","article_modified_time":"2025-04-10T12:06:49+00:00","og_image":[{"url":"http:\/\/www.unboxing-project.eu\/wp-content\/uploads\/2025\/02\/shape7-green.png","type":"","width":"","height":""}],"twitter_card":"summary_large_image","twitter_misc":{"Tiempo de lectura":"1 minuto"},"schema":{"@context":"https:\/\/schema.org","@graph":[{"@type":"WebPage","@id":"https:\/\/www.unboxing-project.eu\/es\/contacto\/","url":"https:\/\/www.unboxing-project.eu\/es\/contacto\/","name":"Contacto - UNBOXING PROJECT","isPartOf":{"@id":"https:\/\/www.unboxing-project.eu\/#website"},"primaryImageOfPage":{"@id":"https:\/\/www.unboxing-project.eu\/es\/contacto\/#primaryimage"},"image":{"@id":"https:\/\/www.unboxing-project.eu\/es\/contacto\/#primaryimage"},"thumbnailUrl":"http:\/\/www.unboxing-project.eu\/wp-content\/uploads\/2025\/02\/shape7-green.png","datePublished":"2020-05-06T05:34:14+00:00","dateModified":"2025-04-10T12:06:49+00:00","breadcrumb":{"@id":"https:\/\/www.unboxing-project.eu\/es\/contacto\/#breadcrumb"},"inLanguage":"es","potentialAction":[{"@type":"ReadAction","target":["https:\/\/www.unboxing-project.eu\/es\/contacto\/"]}]},{"@type":"ImageObject","inLanguage":"es","@id":"https:\/\/www.unboxing-project.eu\/es\/contacto\/#primaryimage","url":"http:\/\/www.unboxing-project.eu\/wp-content\/uploads\/2025\/02\/shape7-green.png","contentUrl":"http:\/\/www.unboxing-project.eu\/wp-content\/uploads\/2025\/02\/shape7-green.png"},{"@type":"BreadcrumbList","@id":"https:\/\/www.unboxing-project.eu\/es\/contacto\/#breadcrumb","itemListElement":[{"@type":"ListItem","position":1,"name":"Home","item":"https:\/\/www.unboxing-project.eu\/"},{"@type":"ListItem","position":2,"name":"Contacto"}]},{"@type":"WebSite","@id":"https:\/\/www.unboxing-project.eu\/#website","url":"https:\/\/www.unboxing-project.eu\/","name":"UNBOXING PROJECT","description":"Sustainable Packaging Practices","publisher":{"@id":"https:\/\/www.unboxing-project.eu\/#organization"},"potentialAction":[{"@type":"SearchAction","target":{"@type":"EntryPoint","urlTemplate":"https:\/\/www.unboxing-project.eu\/?s={search_term_string}"},"query-input":{"@type":"PropertyValueSpecification","valueRequired":true,"valueName":"search_term_string"}}],"inLanguage":"es"},{"@type":"Organization","@id":"https:\/\/www.unboxing-project.eu\/#organization","name":"UNBOXING PROJECT","url":"https:\/\/www.unboxing-project.eu\/","logo":{"@type":"ImageObject","inLanguage":"es","@id":"https:\/\/www.unboxing-project.eu\/#\/schema\/logo\/image\/","url":"https:\/\/www.unboxing-project.eu\/wp-content\/uploads\/2025\/01\/UNBOXING_logo.png","contentUrl":"https:\/\/www.unboxing-project.eu\/wp-content\/uploads\/2025\/01\/UNBOXING_logo.png","width":310,"height":292,"caption":"UNBOXING PROJECT"},"image":{"@id":"https:\/\/www.unboxing-project.eu\/#\/schema\/logo\/image\/"},"sameAs":["https:\/\/www.facebook.com\/UNBOXING.EUproject\/","https:\/\/www.linkedin.com\/company\/unboxing-project\/","https:\/\/www.instagram.com\/unboxing_euproject\/"]}]}},"_links":{"self":[{"href":"https:\/\/www.unboxing-project.eu\/es\/wp-json\/wp\/v2\/pages\/7786","targetHints":{"allow":["GET"]}}],"collection":[{"href":"https:\/\/www.unboxing-project.eu\/es\/wp-json\/wp\/v2\/pages"}],"about":[{"href":"https:\/\/www.unboxing-project.eu\/es\/wp-json\/wp\/v2\/types\/page"}],"author":[{"embeddable":true,"href":"https:\/\/www.unboxing-project.eu\/es\/wp-json\/wp\/v2\/users\/2"}],"replies":[{"embeddable":true,"href":"https:\/\/www.unboxing-project.eu\/es\/wp-json\/wp\/v2\/comments?post=7786"}],"version-history":[{"count":11,"href":"https:\/\/www.unboxing-project.eu\/es\/wp-json\/wp\/v2\/pages\/7786\/revisions"}],"predecessor-version":[{"id":7849,"href":"https:\/\/www.unboxing-project.eu\/es\/wp-json\/wp\/v2\/pages\/7786\/revisions\/7849"}],"wp:attachment":[{"href":"https:\/\/www.unboxing-project.eu\/es\/wp-json\/wp\/v2\/media?parent=7786"}],"curies":[{"name":"wp","href":"https:\/\/api.w.org\/{rel}","templated":true}]}}